{"id":7146,"date":"2025-10-13T15:49:06","date_gmt":"2025-10-13T15:49:06","guid":{"rendered":"https:\/\/txgservice.com\/?page_id=7146"},"modified":"2025-10-16T15:10:47","modified_gmt":"2025-10-16T15:10:47","slug":"astonmartin","status":"publish","type":"page","link":"https:\/\/txgservice.com\/fr\/astonmartin\/","title":{"rendered":"Aston Martin"},"content":{"rendered":"<div data-elementor-type=\"wp-page\" data-elementor-id=\"7146\" class=\"elementor elementor-7146\" data-elementor-post-type=\"page\">\n\t\t\t\t<div class=\"elementor-element elementor-element-371a7d7 e-flex e-con-boxed e-con e-parent\" data-id=\"371a7d7\" data-element_type=\"container\" data-e-type=\"container\" data-settings=\"{&quot;background_background&quot;:&quot;classic&quot;}\">\n\t\t\t\t\t<div class=\"e-con-inner\">\n\t\t\t\t<div class=\"elementor-element elementor-element-8b6e8b7 elementor-widget elementor-widget-image\" data-id=\"8b6e8b7\" data-element_type=\"widget\" data-e-type=\"widget\" data-widget_type=\"image.default\">\n\t\t\t\t<div class=\"elementor-widget-container\">\n\t\t\t\t\t\t\t\t\t\t\t\t\t\t\t\t<a href=\"https:\/\/txgservice.com\/fr\">\n\t\t\t\t\t\t\t<img fetchpriority=\"high\" decoding=\"async\" width=\"2368\" height=\"542\" src=\"https:\/\/txgservice.com\/wp-content\/uploads\/2025\/09\/Aston_Martin_2024_logo.png\" class=\"attachment-full size-full wp-image-6390\" alt=\"\" srcset=\"https:\/\/txgservice.com\/wp-content\/uploads\/2025\/09\/Aston_Martin_2024_logo.png 2368w, https:\/\/txgservice.com\/wp-content\/uploads\/2025\/09\/Aston_Martin_2024_logo-300x69.png 300w, https:\/\/txgservice.com\/wp-content\/uploads\/2025\/09\/Aston_Martin_2024_logo-1024x234.png 1024w, https:\/\/txgservice.com\/wp-content\/uploads\/2025\/09\/Aston_Martin_2024_logo-768x176.png 768w, https:\/\/txgservice.com\/wp-content\/uploads\/2025\/09\/Aston_Martin_2024_logo-1536x352.png 1536w, https:\/\/txgservice.com\/wp-content\/uploads\/2025\/09\/Aston_Martin_2024_logo-2048x469.png 2048w\" sizes=\"(max-width: 2368px) 100vw, 2368px\" \/>\t\t\t\t\t\t\t\t<\/a>\n\t\t\t\t\t\t\t\t\t\t\t\t\t\t\t<\/div>\n\t\t\t\t<\/div>\n\t\t\t\t\t<\/div>\n\t\t\t\t<\/div>\n\t\t<div class=\"elementor-element elementor-element-aed6fe3 e-flex e-con-boxed e-con e-parent\" data-id=\"aed6fe3\" data-element_type=\"container\" data-e-type=\"container\" data-settings=\"{&quot;background_background&quot;:&quot;classic&quot;}\">\n\t\t\t\t\t<div class=\"e-con-inner\">\n\t\t\t\t<div class=\"elementor-element elementor-element-ebe22b5 elementor-widget elementor-widget-heading\" data-id=\"ebe22b5\" data-element_type=\"widget\" data-e-type=\"widget\" data-widget_type=\"heading.default\">\n\t\t\t\t<div class=\"elementor-widget-container\">\n\t\t\t\t\t<h2 class=\"elementor-heading-title elementor-size-default\">Recherchez le manuel d'utilisation de votre montre<\/h2>\t\t\t\t<\/div>\n\t\t\t\t<\/div>\n\t\t\t\t<div class=\"elementor-element elementor-element-11cad30 elementor-widget__width-initial elementor-widget elementor-widget-text-editor\" data-id=\"11cad30\" data-element_type=\"widget\" data-e-type=\"widget\" data-widget_type=\"text-editor.default\">\n\t\t\t\t<div class=\"elementor-widget-container\">\n\t\t\t\t\t\t\t\t\tAcc\u00e9dez \u00e0 des guides complets pour votre montre avec des instructions d\u00e9taill\u00e9es, des sp\u00e9cifications de produits et des informations sur la garantie en plusieurs langues.\t\t\t\t\t\t\t\t<\/div>\n\t\t\t\t<\/div>\n\t\t\t\t<div class=\"elementor-element elementor-element-abc0610 elementor-widget elementor-widget-ucaddon_ajax_search\" data-id=\"abc0610\" data-element_type=\"widget\" data-e-type=\"widget\" data-widget_type=\"ucaddon_ajax_search.default\">\n\t\t\t\t<div class=\"elementor-widget-container\">\n\t\t\t\t\t\n<!-- start AJAX Search -->\n\t\t<link id='font-awesome-css' href='https:\/\/txgservice.com\/wp-content\/plugins\/unlimited-elements-for-elementor-premium\/assets_libraries\/font-awesome6\/fontawesome-all.min.css' type='text\/css' rel='stylesheet' >\n\t\t<link id='font-awesome-4-shim-css' href='https:\/\/txgservice.com\/wp-content\/plugins\/unlimited-elements-for-elementor-premium\/assets_libraries\/font-awesome6\/fontawesome-v4-shims.min.css' type='text\/css' rel='stylesheet' >\n\n<style>\/* widget: AJAX Search *\/\n\n#uc_ajax_search_elementor_abc0610.uc-ajax-search-wrapper{\n\t\n    position:relative;\n    display:flex;\n    width:100%;\n}\n\n\n#uc_ajax_search_elementor_abc0610 .uc-ajax-search__suggested, #uc_ajax_search_elementor_abc0610 .uc-ajax-search__suggested-wrapper\n{\n  display:flex;\n  flex-wrap: wrap;\n  align-items:center;\n}\n\n#uc_ajax_search_elementor_abc0610 .uc-ajax-search__title\n{\n  display:block;\n}\n#uc_ajax_search_elementor_abc0610 .uc-ajax-search-wrapper-inside\n{\n  width:100%;\n}\n\n#uc_ajax_search_elementor_abc0610.uc-ajax-search-wrapper span{\n}\n\n#uc_ajax_search_elementor_abc0610.uc-ajax-search-wrapper input{\n  width:100%;\n}\n\n\n#uc_ajax_search_elementor_abc0610 .uc-ajax-search__input-wrapper-inner\n{\n  position:relative;\n  flex-grow:1;\n}\n\n.ue-grid-item-category a\n{\n  display:inline-block;\n  font-size:10px;\n  \n}\n\n#uc_ajax_search_elementor_abc0610 .uc-ajax-search__items{\n\tposition:absolute;\n    left:0px;\n        width:100%;\n      \tz-index:999999;\n    overflow:hidden;\n}\n\n#uc_ajax_search_elementor_abc0610 .uc-search-item{  \n\tposition: relative;\n}\n\n#uc_ajax_search_elementor_abc0610 .ue-grid-item-category a{\n\tposition: relative;\n  \tz-index: 1;\n}\n\n#uc_ajax_search_elementor_abc0610 .uc-search-item__link{\n\tdisplay:flex;\n    align-items:center;\n    gap:10px;\n}\n\n#uc_ajax_search_elementor_abc0610 .uc-search-item__link-absolute{\n  \tposition: absolute;\n  \twidth: 100%;\n  \theight: 100%;\n  \ttop: 0;\n  \tleft: 0;   \n}\n\n#uc_ajax_search_elementor_abc0610 .uc-search-item__link-title{\n  display:block;\n}\n\n#uc_ajax_search_elementor_abc0610 .uc-search-item__link-title b.uc-capitalized,\n#uc_ajax_search_elementor_abc0610 .uc-search-item__link-title:not(b.uc-capitalized)::first-letter {\n  text-transform: none;\n}\n\n#uc_ajax_search_elementor_abc0610 .uc-search-item__link-image{\n    display:block;\n    flex-grow:0;\n    flex-shrink:0;\n} \n\n#uc_ajax_search_elementor_abc0610 .uc-ajax-search__input-wrapper{\n\tposition:relative;\n    display:flex;\n    align-items:center;\n    justify-content:center;\n}\n\n#uc_ajax_search_elementor_abc0610 .uc-search-item{\n\ttransition: background-color .3s;\n}\n\n#uc_ajax_search_elementor_abc0610 .uc-search-item.uc-selected{\n\tbackground-color: #ccc;\n}\n\n\n#uc_ajax_search_elementor_abc0610 .uc-pagination-list{\n\tdisplay: flex;\n  \tflex-wrap: nowrap;\n  \twidth: 100%;\n  \ttransition: transform .3s;\n}\n\n#uc_ajax_search_elementor_abc0610 .uc-pagination-list-inner{\n\tflex: 0 0 100%;\n  \tmax-width: 100%;\n}\n\n#uc_ajax_search_elementor_abc0610 .uc-pagination-header{\n\tdisplay: flex;\n  \tjustify-content: space-between;\n  \talign-items: center;\n  \tdirection: ltr;\n}\n\n#uc_ajax_search_elementor_abc0610 .uc-ajax-search-pages{\n\tdisplay: flex;\n  \tgap: 5px;\n}\n\n\n#uc_ajax_search_elementor_abc0610 .uc-ajax-search-navigation-panel{\n\tdisplay: flex;\n  \tgap: 15px;\n  \tjustify-content: space-between;\n}\n\n#uc_ajax_search_elementor_abc0610 .uc-ajax-arrows{\n\tdisplay: flex;\n  \tjustify-content: space-between;\n  \tgap: 10px;\n  \tcursor: pointer;\n}\n\n#uc_ajax_search_elementor_abc0610 .uc-ajax-arrows .uc-inactive{\n\topacity: .5;\n}\n\n#uc_ajax_search_elementor_abc0610 .uc-ajax-arrow-left{\n\tposition: relative;\n}\n\n#uc_ajax_search_elementor_abc0610 .uc-ajax-arrow-left::before{\n\tfont-family: \"Font Awesome 5 Free\";\n    content: \"\\f104\";\n    font-weight: 900;\n    line-height:1em;\n  \tdisplay: inline-flex;\n}\n\n#uc_ajax_search_elementor_abc0610 .uc-ajax-arrow-right::before{\n\tfont-family: \"Font Awesome 5 Free\";\n    content: \"\\f105\";\n    font-weight: 900;\n    line-height:1em;\n  \tdisplay: inline-flex;\n}\n\n#uc_ajax_search_elementor_abc0610 .uc-ajax-search__btn\n{\n  display:flex;\n  align-items:center;\n  justify-content:center;\n  flex-grow:0;\n  flex-shrink:0;\n}\n\n#uc_ajax_search_elementor_abc0610 .uc-ajax-search__btn.uc-inactive{\n\tcursor: default;\n  \topacity: 0.7;\n\tpointer-events: none;\n}\n\n#uc_ajax_search_elementor_abc0610 .uc-ajax-search__btn_icon\n{\n  line-height:1em;\n}\n\n#uc_ajax_search_elementor_abc0610 .uc-ajax-search__btn svg\n{\n  height:1em;\n  width:1em;\n}\n\n#uc_ajax_search_elementor_abc0610.uc-loading .uc-ajax-search__spinner__loader-wrapper{\n\tdisplay:flex !important;\n}\n\n#uc_ajax_search_elementor_abc0610 .uc-ajax-search__error{\n\tcolor:red;\n    padding-top:15px;\n}\n\n#uc_ajax_search_elementor_abc0610 .uc-ajax-search__spinner__loader-wrapper{\n  position:absolute;\n  top:50%;\n  transform:translateY(-50%);\n  height: 100%;\n  justify-content: center;\n  align-items: center;\n  inset-inline-end: 15px;\n}\n\n#uc_ajax_search_elementor_abc0610 .uc-ajax-search__spinner {\n  animation: ajaxsearchrotate 2s linear infinite;\n  z-index: 2;\n  width: 25px;\n  height: 25px;\n}\n\n#uc_ajax_search_elementor_abc0610 .uc-ajax-search__spinner-path {\n  stroke-linecap: round;\n  animation: ajaxsearchdash 1.5s ease-in-out infinite;\n}\n\n#uc_ajax_search_elementor_abc0610 .uc-pagination-list-inner\n{\n  display:grid;\n}\n\n#uc_ajax_search_elementor_abc0610 ::-webkit-input-placeholder { \/* Edge *\/\n  color: #7A7A7A;\n}\n\n#uc_ajax_search_elementor_abc0610 :-ms-input-placeholder { \/* Internet Explorer 10-11 *\/\n  color: #7A7A7A;\n}\n\n#uc_ajax_search_elementor_abc0610 ::placeholder {\n  color: #7A7A7A;\n}\n\n#uc_ajax_search_elementor_abc0610 .uc-ajax-search__input.uc-active{\n caret-color: unset;\n}\n\n#uc_ajax_search_elementor_abc0610 .uc-ajax-search__input{\n caret-color: transparent;\n}\n\n#uc_ajax_search_elementor_abc0610 .uc-highlight{\n font-weight: 700;\n}\n\n@keyframes ajaxsearchrotate {\n  100% {\n    transform: rotate(360deg);\n  }\n}\n\n@keyframes ajaxsearchdash {\n  0% {\n    stroke-dasharray: 1, 150;\n    stroke-dashoffset: 0;\n  }\n  50% {\n    stroke-dasharray: 90, 150;\n    stroke-dashoffset: -35;\n  }\n  100% {\n    stroke-dasharray: 90, 150;\n    stroke-dashoffset: -124;\n  }\n}\n\n<\/style>\n\n<!-- AJAX search -->\n<div class=\"uc-ajax-search-wrapper\" id=\"uc_ajax_search_elementor_abc0610\">\n<div class=\"uc-ajax-search-wrapper-inside\">\n\n\t\n  <div class=\"uc-ajax-search__input-wrapper\">\n    \n    <div class=\"uc-ajax-search__input-wrapper-inner\"> \n      <input type=\"text\" class=\"uc-ajax-search__input\" value=\"\" aria-label=\"search\" placeholder=\"Num\u00e9ro de mod\u00e8le ou mouvement.\" data-open-homeurl=\"_self\">\n\n    \n    \n\n   \n      \n       <div class=\"uc-ajax-search__spinner__loader-wrapper\" style='display:none'>    \n        <svg class=\"uc-ajax-search__spinner\" viewbox=\"0 0 50 50\">\n          <circle class=\"uc-ajax-search__spinner-path\" cx=\"25\" cy=\"25\" r=\"20\" fill=\"none\" stroke-width=\"5\"><\/circle>\n        <\/svg>      \n       <\/div>\n      \n    <\/div>\n      \n\t\n\n      \n    \n      <div class=\"uc-ajax-search__error\" style=\"display:none\"><\/div>    \n    \n      <div class=\"uc-ajax-search__items uc-items-wrapper\" style='display:none' data-pagination=\"false\" data-num-items=\"5\" data-debug-list=\"false\" data-editor=\"no\" data-keys=\"false\" data-pagination-position=\"after\" data-no-results-text=\"Nothing Found\" data-results-text=\"Results\" data-goto-on-enter=\"false\" data-bold-phrase=\"true\" data-linksending=\"false\" data-linksendingtext=\"\">\n        \n      <\/div>\n\n    <\/div>\n  \n\t\n  \n<\/div>\n<\/div>\n<!-- end AJAX Search -->\t\t\t\t<\/div>\n\t\t\t\t<\/div>\n\t\t\t\t<div class=\"elementor-element elementor-element-11faa4f elementor-align-center elementor-icon-list--layout-traditional elementor-list-item-link-full_width elementor-widget elementor-widget-icon-list\" data-id=\"11faa4f\" data-element_type=\"widget\" data-e-type=\"widget\" data-widget_type=\"icon-list.default\">\n\t\t\t\t<div class=\"elementor-widget-container\">\n\t\t\t\t\t\t\t<ul class=\"elementor-icon-list-items\">\n\t\t\t\t\t\t\t<li class=\"elementor-icon-list-item\">\n\t\t\t\t\t\t\t\t\t\t\t<a href=\"#elementor-action%3Aaction%3Dpopup%3Aopen%26settings%3DeyJpZCI6IjY0NTMiLCJ0b2dnbGUiOmZhbHNlfQ%3D%3D\">\n\n\t\t\t\t\t\t\t\t\t\t\t\t<span class=\"elementor-icon-list-icon\">\n\t\t\t\t\t\t\t<svg aria-hidden=\"true\" class=\"e-font-icon-svg e-fas-info-circle\" viewbox=\"0 0 512 512\" xmlns=\"http:\/\/www.w3.org\/2000\/svg\"><path d=\"M256 8C119.043 8 8 119.083 8 256c0 136.997 111.043 248 248 248s248-111.003 248-248C504 119.083 392.957 8 256 8zm0 110c23.196 0 42 18.804 42 42s-18.804 42-42 42-42-18.804-42-42 18.804-42 42-42zm56 254c0 6.627-5.373 12-12 12h-88c-6.627 0-12-5.373-12-12v-24c0-6.627 5.373-12 12-12h12v-64h-12c-6.627 0-12-5.373-12-12v-24c0-6.627 5.373-12 12-12h64c6.627 0 12 5.373 12 12v100h12c6.627 0 12 5.373 12 12v24z\"><\/path><\/svg>\t\t\t\t\t\t<\/span>\n\t\t\t\t\t\t\t\t\t\t<span class=\"elementor-icon-list-text\">Trouver votre num\u00e9ro de mod\u00e8le<\/span>\n\t\t\t\t\t\t\t\t\t\t\t<\/a>\n\t\t\t\t\t\t\t\t\t<\/li>\n\t\t\t\t\t\t<\/ul>\n\t\t\t\t\t\t<\/div>\n\t\t\t\t<\/div>\n\t\t\t\t<div class=\"elementor-element elementor-element-af0aaeb elementor-widget elementor-widget-spacer\" data-id=\"af0aaeb\" data-element_type=\"widget\" data-e-type=\"widget\" data-widget_type=\"spacer.default\">\n\t\t\t\t<div class=\"elementor-widget-container\">\n\t\t\t\t\t\t\t<div class=\"elementor-spacer\">\n\t\t\t<div class=\"elementor-spacer-inner\"><\/div>\n\t\t<\/div>\n\t\t\t\t\t\t<\/div>\n\t\t\t\t<\/div>\n\t\t<div class=\"elementor-element elementor-element-20374d6 e-con-full e-flex e-con e-child\" data-id=\"20374d6\" data-element_type=\"container\" data-e-type=\"container\">\n\t\t\t\t<div class=\"elementor-element elementor-element-901d68c elementor-mobile-align-center elementor-align-center elementor-widget elementor-widget-button\" data-id=\"901d68c\" data-element_type=\"widget\" data-e-type=\"widget\" data-widget_type=\"button.default\">\n\t\t\t\t<div class=\"elementor-widget-container\">\n\t\t\t\t\t\t\t\t\t<div class=\"elementor-button-wrapper\">\n\t\t\t\t\t<a class=\"elementor-button elementor-button-link elementor-size-sm elementor-animation-float\" href=\"https:\/\/txgservice.com\/wp-content\/uploads\/2025\/10\/ASTON-MARTIN-J_USER-MANUAL-1.pdf\">\n\t\t\t\t\t\t<span class=\"elementor-button-content-wrapper\">\n\t\t\t\t\t\t<span class=\"elementor-button-icon\">\n\t\t\t\t<svg aria-hidden=\"true\" class=\"e-font-icon-svg e-fas-download\" viewbox=\"0 0 512 512\" xmlns=\"http:\/\/www.w3.org\/2000\/svg\"><path d=\"M216 0h80c13.3 0 24 10.7 24 24v168h87.7c17.8 0 26.7 21.5 14.1 34.1L269.7 378.3c-7.5 7.5-19.8 7.5-27.3 0L90.1 226.1c-12.6-12.6-3.7-34.1 14.1-34.1H192V24c0-13.3 10.7-24 24-24zm296 376v112c0 13.3-10.7 24-24 24H24c-13.3 0-24-10.7-24-24V376c0-13.3 10.7-24 24-24h146.7l49 49c20.1 20.1 52.5 20.1 72.6 0l49-49H488c13.3 0 24 10.7 24 24zm-124 88c0-11-9-20-20-20s-20 9-20 20 9 20 20 20 20-9 20-20zm64 0c0-11-9-20-20-20s-20 9-20 20 9 20 20 20 20-9 20-20z\"><\/path><\/svg>\t\t\t<\/span>\n\t\t\t\t\t\t\t\t\t<span class=\"elementor-button-text\">CONSEILS D\u2019ENTRETIEN ET INFORMATIONS DE GARANTIE DES BIJOUX<\/span>\n\t\t\t\t\t<\/span>\n\t\t\t\t\t<\/a>\n\t\t\t\t<\/div>\n\t\t\t\t\t\t\t\t<\/div>\n\t\t\t\t<\/div>\n\t\t\t\t<div class=\"elementor-element elementor-element-063d6ad elementor-mobile-align-center elementor-align-center elementor-widget elementor-widget-button\" data-id=\"063d6ad\" data-element_type=\"widget\" data-e-type=\"widget\" data-widget_type=\"button.default\">\n\t\t\t\t<div class=\"elementor-widget-container\">\n\t\t\t\t\t\t\t\t\t<div class=\"elementor-button-wrapper\">\n\t\t\t\t\t<a class=\"elementor-button elementor-button-link elementor-size-sm elementor-animation-float\" href=\"https:\/\/txgservice.com\/fr\/service-center\/aston-martin\/\">\n\t\t\t\t\t\t<span class=\"elementor-button-content-wrapper\">\n\t\t\t\t\t\t<span class=\"elementor-button-icon\">\n\t\t\t\t<svg aria-hidden=\"true\" class=\"e-font-icon-svg e-fas-search-location\" viewbox=\"0 0 512 512\" xmlns=\"http:\/\/www.w3.org\/2000\/svg\"><path d=\"M505.04 442.66l-99.71-99.69c-4.5-4.5-10.6-7-17-7h-16.3c27.6-35.3 44-79.69 44-127.99C416.03 93.09 322.92 0 208.02 0S0 93.09 0 207.98s93.11 207.98 208.02 207.98c48.3 0 92.71-16.4 128.01-44v16.3c0 6.4 2.5 12.5 7 17l99.71 99.69c9.4 9.4 24.6 9.4 33.9 0l28.3-28.3c9.4-9.4 9.4-24.59.1-33.99zm-297.02-90.7c-79.54 0-144-64.34-144-143.98 0-79.53 64.35-143.98 144-143.98 79.54 0 144 64.34 144 143.98 0 79.53-64.35 143.98-144 143.98zm.02-239.96c-40.78 0-73.84 33.05-73.84 73.83 0 32.96 48.26 93.05 66.75 114.86a9.24 9.24 0 0 0 14.18 0c18.49-21.81 66.75-81.89 66.75-114.86 0-40.78-33.06-73.83-73.84-73.83zm0 96c-13.26 0-24-10.75-24-24 0-13.26 10.75-24 24-24s24 10.74 24 24c0 13.25-10.75 24-24 24z\"><\/path><\/svg>\t\t\t<\/span>\n\t\t\t\t\t\t\t\t\t<span class=\"elementor-button-text\">Trouvez un centre de service<\/span>\n\t\t\t\t\t<\/span>\n\t\t\t\t\t<\/a>\n\t\t\t\t<\/div>\n\t\t\t\t\t\t\t\t<\/div>\n\t\t\t\t<\/div>\n\t\t\t\t<\/div>\n\t\t\t\t\t<\/div>\n\t\t\t\t<\/div>\n\t\t<div class=\"elementor-element elementor-element-2ae2ddf e-flex e-con-boxed e-con e-parent\" data-id=\"2ae2ddf\" data-element_type=\"container\" data-e-type=\"container\" data-settings=\"{&quot;background_background&quot;:&quot;classic&quot;}\">\n\t\t\t\t\t<div class=\"e-con-inner\">\n\t\t\t\t<div class=\"elementor-element elementor-element-096ca0b elementor-widget__width-auto elementor-widget elementor-widget-heading\" data-id=\"096ca0b\" data-element_type=\"widget\" data-e-type=\"widget\" data-widget_type=\"heading.default\">\n\t\t\t\t<div class=\"elementor-widget-container\">\n\t\t\t\t\t<p class=\"elementor-heading-title elementor-size-default\">2026 All Rights Reserved<\/p>\t\t\t\t<\/div>\n\t\t\t\t<\/div>\n\t\t\t\t<div class=\"elementor-element elementor-element-069fcb2 elementor-widget elementor-widget-text-editor\" data-id=\"069fcb2\" data-element_type=\"widget\" data-e-type=\"widget\" data-widget_type=\"text-editor.default\">\n\t\t\t\t<div class=\"elementor-widget-container\">\n\t\t\t\t\t\t\t\t\t\u00a9 Timex Group USA, Inc. Timex est une marque d\u00e9pos\u00e9e de Timex Group et de ses filiales.\t\t\t\t\t\t\t\t<\/div>\n\t\t\t\t<\/div>\n\t\t\t\t<div class=\"elementor-element elementor-element-864bd59 elementor-icon-list--layout-inline elementor-list-item-link-full_width elementor-widget elementor-widget-icon-list\" data-id=\"864bd59\" data-element_type=\"widget\" data-e-type=\"widget\" data-widget_type=\"icon-list.default\">\n\t\t\t\t<div class=\"elementor-widget-container\">\n\t\t\t\t\t\t\t<ul class=\"elementor-icon-list-items elementor-inline-items\">\n\t\t\t\t\t\t\t<li class=\"elementor-icon-list-item elementor-inline-item\">\n\t\t\t\t\t\t\t\t\t\t\t<a href=\"https:\/\/timexgroup.com\/privacy-policy\/\">\n\n\t\t\t\t\t\t\t\t\t\t\t<span class=\"elementor-icon-list-text\">Politique de confidentialit\u00e9<\/span>\n\t\t\t\t\t\t\t\t\t\t\t<\/a>\n\t\t\t\t\t\t\t\t\t<\/li>\n\t\t\t\t\t\t\t\t<li class=\"elementor-icon-list-item elementor-inline-item\">\n\t\t\t\t\t\t\t\t\t\t\t<a href=\"https:\/\/txgservice.com\/fr\/terms-of-use\/\">\n\n\t\t\t\t\t\t\t\t\t\t\t<span class=\"elementor-icon-list-text\">|<\/span>\n\t\t\t\t\t\t\t\t\t\t\t<\/a>\n\t\t\t\t\t\t\t\t\t<\/li>\n\t\t\t\t\t\t\t\t<li class=\"elementor-icon-list-item elementor-inline-item\">\n\t\t\t\t\t\t\t\t\t\t\t<a href=\"https:\/\/timexgroup.com\/terms-of-use\/\">\n\n\t\t\t\t\t\t\t\t\t\t\t<span class=\"elementor-icon-list-text\">Conditions d'utilisation<\/span>\n\t\t\t\t\t\t\t\t\t\t\t<\/a>\n\t\t\t\t\t\t\t\t\t<\/li>\n\t\t\t\t\t\t<\/ul>\n\t\t\t\t\t\t<\/div>\n\t\t\t\t<\/div>\n\t\t\t\t\t<\/div>\n\t\t\t\t<\/div>\n\t\t\t\t<\/div>","protected":false},"excerpt":{"rendered":"<p>Locate Your Watch User Manual Access comprehensive guides for your timepiece with detailed instructions, product specifications and warranty information in multiple languages. MTRS1F504 MTRS1F503 MTRS1F502 MTRS1F501 MTRT1F503 MTRT1F502 MTRT1F501 MTRR1F505 MTRR1F504 MTRR1F502 MTRI1F505 MTRR1F501 MTRR1F503 MTRI1F504 MTRI1F503 MTRI1F502 MTRI1F501 MTRH1F505 MTRH1F501 MTRH1F504 MTRH1F503 MTRH1F502 MTIH1F504 MTIH1F503 MTIH1F502 MTIH1F501 MTIS1F504 MTIS1F503 MTIS1F502 MTIZ1F503 MTIZ1F501 MTIB1F501 MTIS1F501 [&hellip;]<\/p>\n","protected":false},"author":3,"featured_media":0,"parent":0,"menu_order":0,"comment_status":"closed","ping_status":"closed","template":"elementor_canvas","meta":{"_acf_changed":false,"_monsterinsights_skip_tracking":false,"_monsterinsights_sitenote_active":false,"_monsterinsights_sitenote_note":"","_monsterinsights_sitenote_category":0,"footnotes":""},"class_list":["post-7146","page","type-page","status-publish","hentry"],"aioseo_notices":[],"acf":[],"_links":{"self":[{"href":"https:\/\/txgservice.com\/fr\/wp-json\/wp\/v2\/pages\/7146","targetHints":{"allow":["GET"]}}],"collection":[{"href":"https:\/\/txgservice.com\/fr\/wp-json\/wp\/v2\/pages"}],"about":[{"href":"https:\/\/txgservice.com\/fr\/wp-json\/wp\/v2\/types\/page"}],"author":[{"embeddable":true,"href":"https:\/\/txgservice.com\/fr\/wp-json\/wp\/v2\/users\/3"}],"replies":[{"embeddable":true,"href":"https:\/\/txgservice.com\/fr\/wp-json\/wp\/v2\/comments?post=7146"}],"version-history":[{"count":13,"href":"https:\/\/txgservice.com\/fr\/wp-json\/wp\/v2\/pages\/7146\/revisions"}],"predecessor-version":[{"id":7173,"href":"https:\/\/txgservice.com\/fr\/wp-json\/wp\/v2\/pages\/7146\/revisions\/7173"}],"wp:attachment":[{"href":"https:\/\/txgservice.com\/fr\/wp-json\/wp\/v2\/media?parent=7146"}],"curies":[{"name":"wp","href":"https:\/\/api.w.org\/{rel}","templated":true}]}}